{"id":522,"date":"2019-06-10T15:54:24","date_gmt":"2019-06-10T06:54:24","guid":{"rendered":"https:\/\/amandathompson.com\/shop\/"},"modified":"2026-01-02T14:50:47","modified_gmt":"2026-01-02T05:50:47","slug":"shop-2","status":"publish","type":"page","link":"https:\/\/amandathompson.com\/de\/shop-2\/","title":{"rendered":"Shop"},"content":{"rendered":"<section id=\"builder-section-text_13\" class=\"builder-section-first builder-section builder-section-text builder-section-last builder-section-full-width builder-text-columns-2 layout-4\" style=\"background-size: cover; background-repeat: no-repeat;background-position: center center;\">\n<div class=\"builder-section-content\">\n<div class=\"builder-text-row\">\n<div class=\"builder-text-column builder-text-column-1\" id=\"builder-section-text_13-column-1\">\n<div class=\"builder-text-content\">\n<p><img loading=\"lazy\" decoding=\"async\" class=\"size-medium wp-image-514 aligncenter lazyload\" src=\"data:image\/gif;base64,R0lGODlhAQABAAAAACH5BAEKAAEALAAAAAABAAEAAAICTAEAOw==\" alt=\"Amanda Thompson COM Shop Front\" width=\"211\" height=\"300\" sizes=\"auto, (max-width: 211px) 100vw, 211px\" data-src=\"https:\/\/amandathompson.com\/wp-content\/uploads\/2019\/06\/amstshop_ATCOM_Shop_1000pxhigh_1.0-211x300.jpg\" data-srcset=\"https:\/\/amandathompson.com\/wp-content\/uploads\/2019\/06\/amstshop_ATCOM_Shop_1000pxhigh_1.0-211x300.jpg 211w, https:\/\/amandathompson.com\/wp-content\/uploads\/2019\/06\/amstshop_ATCOM_Shop_1000pxhigh_1.0.jpg 703w\"><\/p>\n<\/p><\/div>\n<\/p><\/div>\n<div class=\"builder-text-column builder-text-column-2\" id=\"builder-section-text_13-column-2\">\n<div class=\"builder-text-content\">\n<p>Danke f\u00fcr Ihre Interesse.<br \/>\nAufgrund aktueller Probleme, die den weltweiten Versand und die Lieferungen betreffen, werden wir im Jahr 2026 er\u00f6ffnen.<br \/>\nWenn Sie Neuigkeiten zum Shop erhalten m\u00f6chten, bitte hinterlassen Sie Ihre Kontaktdaten.<br \/>\nWir w\u00fcrden uns freuen, von Ihnen zu h\u00f6ren.<\/p>\n<link rel='stylesheet' id='formidable-css' href='https:\/\/amandathompson.com\/wp-content\/plugins\/formidable\/css\/formidableforms.css?ver=326558' type='text\/css' media='all' \/>\n<div class=\"frm_forms  with_frm_style frm_style_at-com-1-0-style\" id=\"frm_form_6_container\" data-token=\"64731e97c2ec15ed7d4f292943508db1\">\n<form enctype=\"multipart\/form-data\" method=\"post\" class=\"frm-show-form  frm_pro_form \" id=\"form_at-com-formidable-online-shop-shut-form-eng-1-0e5b0e88629\" data-token=\"64731e97c2ec15ed7d4f292943508db1\">\n<div class=\"frm_form_fields \">\n<fieldset>\n<legend class=\"frm_screen_reader\">AT COM Formidable Online Shop Shut Form DE 1.0<\/legend>\r\n\r\n<div class=\"frm_fields_container\">\n<input type=\"hidden\" name=\"frm_action\" value=\"create\" \/>\n<input type=\"hidden\" name=\"form_id\" value=\"6\" \/>\n<input type=\"hidden\" name=\"frm_hide_fields_6\" id=\"frm_hide_fields_6\" value=\"\" \/>\n<input type=\"hidden\" name=\"form_key\" value=\"at-com-formidable-online-shop-shut-form-eng-1-0e5b0e88629\" \/>\n<input type=\"hidden\" name=\"item_meta[0]\" value=\"\" \/>\n<input type=\"hidden\" id=\"frm_submit_entry_6\" name=\"frm_submit_entry_6\" value=\"56fc3eac82\" \/><input type=\"hidden\" name=\"_wp_http_referer\" value=\"\/de\/wp-json\/wp\/v2\/pages\/522\" \/><div id=\"frm_field_35_container\" class=\"frm_form_field form-field  frm_required_field frm_top_container frm_first frm_half\">\r\n    <label for=\"field_wwtp3037c2cfa8447\" id=\"field_wwtp3037c2cfa8447_label\" class=\"frm_primary_label\">Name\r\n        <span class=\"frm_required\">*<\/span>\r\n    <\/label>\r\n    <input  type=\"text\" id=\"field_wwtp3037c2cfa8447\" name=\"item_meta[35]\" value=\"\"  data-reqmsg=\"Please type in this space. It cannot be left blank.\" aria-required=\"true\" data-invmsg=\"Name ist ung\u00fcltig\" aria-invalid=\"false\"   \/>\r\n    \r\n    \r\n<\/div>\n<div id=\"frm_field_36_container\" class=\"frm_form_field form-field  frm_required_field frm_top_container frm_first frm_half\">\r\n    <label for=\"field_oilum\" id=\"field_oilum_label\" class=\"frm_primary_label\">Email\r\n        <span class=\"frm_required\">*<\/span>\r\n    <\/label>\r\n    <input type=\"email\" id=\"field_oilum\" name=\"item_meta[36]\" value=\"\"  data-reqmsg=\"Bitte schreiben Sie in dieses Feld.\" aria-required=\"true\" data-invmsg=\"Email ist ung\u00fcltig\" aria-invalid=\"false\"  \/>\r\n    \r\n    \r\n<\/div>\n<div id=\"frm_field_conf_36_container\" class=\"frm_form_field frm_hidden_container frm_conf_field form-field  frm_required_field frm_top_container  frm_half\">\r\n    <label for=\"field_conf_oilum\" id=\"field_conf_oilum_label\" class=\"frm_conf_label frm_primary_label\">Best\u00e4tigen Email\r\n        <span class=\"frm_required\">*<\/span>\r\n    <\/label>\r\n    <input type=\"email\" id=\"field_conf_oilum\" name=\"item_meta[conf_36]\" value=\"\"  data-reqmsg=\"Bitte schreiben Sie in dieses Feld.\" aria-required=\"true\" data-confmsg=\"Die eingegebenen Werte stimmen nicht \u00fcberein\" data-invmsg=\"Best\u00e4tigen Email ist ung\u00fcltig\" aria-invalid=\"false\"   aria-describedby=\"frm_desc_field_conf_oilum\"\/>\r\n    <div class=\"frm_description\" id=\"frm_desc_field_conf_oilum\">Bitte geben Sie Ihre E-Mail-Adresse noch mal ein.<\/div>\r\n    \r\n<\/div>\n\t\t<input  type=\"hidden\" name=\"item_meta[37]\" id=\"field_y3xba\" value=\"de\"  data-frmval=\"de\"   \/>\n\t\t<div id=\"frm_field_38_container\" class=\"frm_form_field form-field  frm_top_container vertical_radio\">\r\n    <div  id=\"field_kegg3_label\" class=\"frm_primary_label\">M\u00f6chten Sie auch unseren Newsletter abonnieren? Bitte aktivieren Sie dieses Kontrollk\u00e4stchen, wenn Sie unseren Newsletter abonnieren m\u00f6chten. Sie k\u00f6nnen sich jederzeit abmelden.\r\n        <span class=\"frm_required\"><\/span>\r\n    <\/div>\r\n    <div class=\"frm_opt_container\" aria-labelledby=\"field_kegg3_label\" role=\"group\">\t\t<div class=\"frm_checkbox\" id=\"frm_checkbox_38-0\">\t\t\t<label  for=\"field_kegg3-0\">\n\t\t\t<input type=\"checkbox\" name=\"item_meta[38][]\" id=\"field_kegg3-0\" value=\"Yes, please subscribe me.\"  data-frmlimit=\"2\"  data-invmsg=\"M\u00f6chten Sie auch unseren Newsletter abonnieren? Bitte aktivieren Sie dieses Kontrollk\u00e4stchen, wenn Sie unseren Newsletter abonnieren m\u00f6chten. Sie k\u00f6nnen sich jederzeit abmelden. ist ung\u00fcltig\"   \/> Ja, ich m\u00f6chte abonnieren.<\/label><\/div>\n<\/div>\r\n    \r\n    \r\n<\/div>\n<div id=\"frm_field_39_container\" class=\"frm_form_field form-field  frm_required_field frm_top_container vertical_radio\">\r\n    <div  id=\"field_isjbd69759348a4_label\" class=\"frm_primary_label\">\r\n        <span class=\"frm_required\">*<\/span>\r\n    <\/div>\r\n    <div class=\"frm_opt_container\" aria-labelledby=\"field_isjbd69759348a4_label\" role=\"group\">\t\t<div class=\"frm_checkbox\" id=\"frm_checkbox_39-0\">\t\t\t<label  for=\"field_isjbd69759348a4-0\">\n\t\t\t<input type=\"checkbox\" name=\"item_meta[39][]\" id=\"field_isjbd69759348a4-0\" value=\"Please send me news about the online shop. I have read the website &lt;a href=&quot;https:\/\/amandathompson.com\/privacy-policy\/&quot; target=&quot;_blank&quot;&gt; Privacy Policy&lt;\/a&gt; and accept the &lt;a href=&quot;https:\/\/amandathompson.com\/terms-conditions\/&quot; target=&quot;_blank&quot;&gt; Terms and Conditions&lt;\/a&gt;.\"  data-reqmsg=\"Bitte schreiben Sie in dieses Feld.\" data-invmsg=\"Dieses Feld ist ung\u00fcltig\"   aria-required=\"true\"  \/> Bitte schicken Sie mir Neuigkeiten zum Online-Shop. Ich habe die <a>Datenschutzbestimmungen<\/a> der Website gelesen und akzeptiere die <a>Allgemeinen Gesch\u00e4ftsbedingungen<\/a>.<\/label><\/div>\n<\/div>\r\n    \r\n    \r\n<\/div>\n\t<input type=\"hidden\" name=\"item_key\" value=\"\" \/>\n\t\t\t<div id=\"frm_field_72_container\">\n\t\t\t<label for=\"field_siyxd\" >\n\t\t\t\tFalls Du menschlich bist, lasse dieses Feld leer.\t\t\t<\/label>\n\t\t\t<input  id=\"field_siyxd\" type=\"text\" class=\"frm_form_field form-field frm_verify\" name=\"item_meta[72]\" value=\"\"  \/>\n\t\t<\/div>\n\t\t<input name=\"frm_state\" type=\"hidden\" value=\"mbtROFgm3eHR9GBlRdZ9wy67NY56yiHcdjczv5y4KyL0Z1+Dp8zOU3I832C6HaKP\" \/><div class=\"frm_submit\">\r\n\r\n<button class=\"frm_button_submit frm_final_submit\" type=\"submit\"   formnovalidate=\"formnovalidate\">Senden<\/button>\r\n\r\n<\/div><\/div>\n<\/fieldset>\n<\/div>\n\n<\/form>\n<\/div>\n\n<\/p><\/div>\n<\/p><\/div>\n<\/p><\/div>\n<\/p><\/div>\n<\/section>\n","protected":false},"excerpt":{"rendered":"<p>Danke f\u00fcr Ihre Interesse. Aufgrund aktueller Probleme, die den weltweiten Versand und die Lieferungen betreffen, werden wir im Jahr 2026 er\u00f6ffnen. Wenn Sie Neuigkeiten zum Shop erhalten m\u00f6chten, bitte hinterlassen Sie Ihre Kontaktdaten. Wir w\u00fcrden uns freuen, von Ihnen zu h\u00f6ren.<\/p>\n","protected":false},"author":1,"featured_media":0,"parent":0,"menu_order":0,"comment_status":"closed","ping_status":"closed","template":"template-builder.php","meta":{"footnotes":""},"class_list":["post-522","page","type-page","status-publish","hentry"],"_links":{"self":[{"href":"https:\/\/amandathompson.com\/de\/wp-json\/wp\/v2\/pages\/522","targetHints":{"allow":["GET"]}}],"collection":[{"href":"https:\/\/amandathompson.com\/de\/wp-json\/wp\/v2\/pages"}],"about":[{"href":"https:\/\/amandathompson.com\/de\/wp-json\/wp\/v2\/types\/page"}],"author":[{"embeddable":true,"href":"https:\/\/amandathompson.com\/de\/wp-json\/wp\/v2\/users\/1"}],"replies":[{"embeddable":true,"href":"https:\/\/amandathompson.com\/de\/wp-json\/wp\/v2\/comments?post=522"}],"version-history":[{"count":6,"href":"https:\/\/amandathompson.com\/de\/wp-json\/wp\/v2\/pages\/522\/revisions"}],"predecessor-version":[{"id":2033,"href":"https:\/\/amandathompson.com\/de\/wp-json\/wp\/v2\/pages\/522\/revisions\/2033"}],"wp:attachment":[{"href":"https:\/\/amandathompson.com\/de\/wp-json\/wp\/v2\/media?parent=522"}],"curies":[{"name":"wp","href":"https:\/\/api.w.org\/{rel}","templated":true}]}}