{"id":502,"date":"2019-06-10T15:38:05","date_gmt":"2019-06-10T06:38:05","guid":{"rendered":"https:\/\/amandathompson.com\/urheberrechtshinweis\/"},"modified":"2019-06-10T15:46:41","modified_gmt":"2019-06-10T06:46:41","slug":"urheberrechtshinweis","status":"publish","type":"page","link":"https:\/\/amandathompson.com\/de\/urheberrechtshinweis\/","title":{"rendered":"Urheberrechtshinweis"},"content":{"rendered":"<section id=\"builder-section-text_13\" class=\"builder-section-first builder-section builder-section-text builder-section-last builder-text-columns-1\" style=\"background-size: cover; background-repeat: no-repeat; background-position: center center;\">\n<div class=\"builder-section-content\">\n<div class=\"builder-text-row\">\n<div id=\"builder-section-text_13-column-1\" class=\"builder-text-column builder-text-column-1\">\n<div class=\"builder-text-content\">\n<p>Alle auf dieser Website oder in diesem Blog enthaltenen Dateien und Informationen unterliegen dem Urheberrecht von Amanda Thompson und d\u00fcrfen ohne unsere schriftliche Genehmigung in keiner Weise vervielf\u00e4ltigt, kopiert, ge\u00e4ndert oder angepasst werden. Unsere Website oder unser Blog k\u00f6nnen unsere Dienstleistungsmarken oder Marken sowie die unserer verbundenen Unternehmen oder anderer Unternehmen in Form von W\u00f6rtern, Grafiken und Logos enthalten. Ihre Nutzung unserer Website, unseres Blogs oder unserer Dienste stellt kein Recht oder keine Lizenz f\u00fcr die Nutzung unserer Dienstleistungsmarken oder -marken ohne die vorherige schriftliche Genehmigung von Amanda Thompson dar. Unser Inhalt auf unserer Website, in unserem Blog und in unseren Diensten ist durch Urheberrechte in den USA und anderen L\u00e4ndern gesch\u00fctzt. Das Kopieren, Weitergeben, Verwenden oder Ver\u00f6ffentlichen solcher Inhalte ist untersagt. Ihre Nutzung unserer Website und Dienste gew\u00e4hrt Ihnen keine Eigentumsrechte an unseren Inhalten.<\/p>\n","protected":false},"excerpt":{"rendered":"<p>Alle auf dieser Website oder in diesem Blog enthaltenen Dateien und Informationen unterliegen dem Urheberrecht von Amanda Thompson und d\u00fcrfen ohne unsere schriftliche Genehmigung in keiner Weise vervielf\u00e4ltigt, kopiert, ge\u00e4ndert oder angepasst werden. Unsere Website oder unser Blog k\u00f6nnen unsere Dienstleistungsmarken oder Marken sowie die unserer verbundenen Unternehmen oder anderer Unternehmen in Form von W\u00f6rtern, &hellip;<\/p>\n","protected":false},"author":1,"featured_media":0,"parent":0,"menu_order":0,"comment_status":"closed","ping_status":"closed","template":"template-builder.php","meta":{"footnotes":""},"class_list":["post-502","page","type-page","status-publish","hentry"],"_links":{"self":[{"href":"https:\/\/amandathompson.com\/de\/wp-json\/wp\/v2\/pages\/502","targetHints":{"allow":["GET"]}}],"collection":[{"href":"https:\/\/amandathompson.com\/de\/wp-json\/wp\/v2\/pages"}],"about":[{"href":"https:\/\/amandathompson.com\/de\/wp-json\/wp\/v2\/types\/page"}],"author":[{"embeddable":true,"href":"https:\/\/amandathompson.com\/de\/wp-json\/wp\/v2\/users\/1"}],"replies":[{"embeddable":true,"href":"https:\/\/amandathompson.com\/de\/wp-json\/wp\/v2\/comments?post=502"}],"version-history":[{"count":0,"href":"https:\/\/amandathompson.com\/de\/wp-json\/wp\/v2\/pages\/502\/revisions"}],"wp:attachment":[{"href":"https:\/\/amandathompson.com\/de\/wp-json\/wp\/v2\/media?parent=502"}],"curies":[{"name":"wp","href":"https:\/\/api.w.org\/{rel}","templated":true}]}}