{"id":410,"date":"2019-06-04T16:38:27","date_gmt":"2019-06-04T07:38:27","guid":{"rendered":"https:\/\/amandathompson.com\/portfolio-account-request-page-de\/"},"modified":"2021-03-10T09:30:17","modified_gmt":"2021-03-10T00:30:17","slug":"portfolio-account-request-page-de","status":"publish","type":"page","link":"https:\/\/amandathompson.com\/de\/portfolio-account-request-page-de\/","title":{"rendered":"Portfolio Account Request Page DE"},"content":{"rendered":"<section id=\"builder-section-text_13\" class=\"builder-section-first builder-section builder-section-text builder-section-last builder-text-columns-1\" style=\"background-size: cover; background-repeat: no-repeat;background-position: center center;\">\n<div class=\"builder-section-content\">\n<div class=\"builder-text-row\">\n<div class=\"builder-text-column builder-text-column-1\" id=\"builder-section-text_13-column-1\">\n<div class=\"builder-text-content\">\n<p>Vielen Dank f\u00fcr Ihre Interesse. Wenn Sie das Portfolio sehen m\u00f6chten, f\u00fcllen Sie bitte das Formular aus.<\/p>\n<link rel='stylesheet' id='formidable-css' href='https:\/\/amandathompson.com\/wp-content\/plugins\/formidable\/css\/formidableforms.css?ver=326558' type='text\/css' media='all' \/>\n<div class=\"frm_forms  with_frm_style frm_style_at-com-1-0-style\" id=\"frm_form_7_container\" data-token=\"64731e97c2ec15ed7d4f292943508db1\">\n<form enctype=\"multipart\/form-data\" method=\"post\" class=\"frm-show-form  frm_pro_form \" id=\"form_at-com-formidable-portfolio-account-request-form-eng-1-0a497f17b17\" data-token=\"64731e97c2ec15ed7d4f292943508db1\">\n<div class=\"frm_form_fields \">\n<fieldset>\n<legend class=\"frm_screen_reader\">AT COM Formidable Portfolio Account Request Form DE 1.0<\/legend>\r\n\r\n<div class=\"frm_fields_container\">\n<input type=\"hidden\" name=\"frm_action\" value=\"create\" \/>\n<input type=\"hidden\" name=\"form_id\" value=\"7\" \/>\n<input type=\"hidden\" name=\"frm_hide_fields_7\" id=\"frm_hide_fields_7\" value=\"\" \/>\n<input type=\"hidden\" name=\"form_key\" value=\"at-com-formidable-portfolio-account-request-form-eng-1-0a497f17b17\" \/>\n<input type=\"hidden\" name=\"item_meta[0]\" value=\"\" \/>\n<input type=\"hidden\" id=\"frm_submit_entry_7\" name=\"frm_submit_entry_7\" value=\"56fc3eac82\" \/><input type=\"hidden\" name=\"_wp_http_referer\" value=\"\/de\/wp-json\/wp\/v2\/pages\/410\" \/><div id=\"frm_field_40_container\" class=\"frm_form_field form-field  frm_required_field frm_top_container frm_first frm_half\">\r\n    <label for=\"field_wwtp30309d05c22bd\" id=\"field_wwtp30309d05c22bd_label\" class=\"frm_primary_label\">Vorname\r\n        <span class=\"frm_required\">*<\/span>\r\n    <\/label>\r\n    <input  type=\"text\" id=\"field_wwtp30309d05c22bd\" name=\"item_meta[40]\" value=\"\"  data-reqmsg=\"Please type in this space. It cannot be left blank.\" aria-required=\"true\" data-invmsg=\"Name ist ung\u00fcltig\" aria-invalid=\"false\"   \/>\r\n    \r\n    \r\n<\/div>\n<div id=\"frm_field_41_container\" class=\"frm_form_field form-field  frm_required_field frm_top_container frm_half\">\r\n    <label for=\"field_oag1ms3aca4de2041\" id=\"field_oag1ms3aca4de2041_label\" class=\"frm_primary_label\">Nachname\r\n        <span class=\"frm_required\">*<\/span>\r\n    <\/label>\r\n    <input  type=\"text\" id=\"field_oag1ms3aca4de2041\" name=\"item_meta[41]\" value=\"\"  data-reqmsg=\"Please type in this space. It cannot be left blank.\" aria-required=\"true\" data-invmsg=\"Letzter ist ung\u00fcltig\" aria-invalid=\"false\"   \/>\r\n    \r\n    \r\n<\/div>\n<div id=\"frm_field_42_container\" class=\"frm_form_field form-field  frm_required_field frm_top_container frm_first frm_half\">\r\n    <label for=\"field_xnkv8k3ea9d9c6d0f\" id=\"field_xnkv8k3ea9d9c6d0f_label\" class=\"frm_primary_label\">E-Mail-Addresse\r\n        <span class=\"frm_required\">*<\/span>\r\n    <\/label>\r\n    <input type=\"email\" id=\"field_xnkv8k3ea9d9c6d0f\" name=\"item_meta[42]\" value=\"\"  data-reqmsg=\"Please type in this space. It cannot be left blank.\" aria-required=\"true\" data-invmsg=\"Bitte geben Sie eine g\u00fcltige E-Mail-Adresse ein.\" aria-invalid=\"false\"  \/>\r\n    \r\n    \r\n<\/div>\n<div id=\"frm_field_conf_42_container\" class=\"frm_form_field frm_hidden_container frm_conf_field form-field  frm_required_field frm_top_container  frm_half\">\r\n    <label for=\"field_conf_xnkv8k3ea9d9c6d0f\" id=\"field_conf_xnkv8k3ea9d9c6d0f_label\" class=\"frm_conf_label frm_primary_label\">Best\u00e4tigen E-Mail-Addresse\r\n        <span class=\"frm_required\">*<\/span>\r\n    <\/label>\r\n    <input type=\"email\" id=\"field_conf_xnkv8k3ea9d9c6d0f\" name=\"item_meta[conf_42]\" value=\"\"  data-reqmsg=\"Please type in this space. It cannot be left blank.\" aria-required=\"true\" data-confmsg=\"Entschuldigung, aber die Best\u00e4tigungs-E-Mail stimmt nicht \u00fcberein. Bitte geben Sie es erneut ein.\" data-invmsg=\"Bitte geben Sie eine g\u00fcltige E-Mail-Adresse ein.\" aria-invalid=\"false\"   aria-describedby=\"frm_desc_field_conf_xnkv8k3ea9d9c6d0f\"\/>\r\n    <div class=\"frm_description\" id=\"frm_desc_field_conf_xnkv8k3ea9d9c6d0f\">Bitte geben Sie Ihre E-Mail-Adresse noch mal ein.<\/div>\r\n    \r\n<\/div>\n<div id=\"frm_field_43_container\" class=\"frm_form_field form-field  frm_top_container\">\r\n    <label for=\"field_7ch5ll30a300774d8\" id=\"field_7ch5ll30a300774d8_label\" class=\"frm_primary_label\">Website\r\n        <span class=\"frm_required\"><\/span>\r\n    <\/label>\r\n    <input type=\"url\" id=\"field_7ch5ll30a300774d8\" name=\"item_meta[43]\" value=\"\"  data-invmsg=\"Bitte geben Sie eine g\u00fcltige Websiteaddresse ein\" aria-invalid=\"false\"  \/>\r\n    \r\n    \r\n<\/div>\n<div id=\"frm_field_44_container\" class=\"frm_form_field form-field  frm_top_container\">\r\n    <label for=\"field_z4k7y\" id=\"field_z4k7y_label\" class=\"frm_primary_label\">Firmen- \/ Gesch\u00e4ftsname\r\n        <span class=\"frm_required\"><\/span>\r\n    <\/label>\r\n    <input  type=\"text\" id=\"field_z4k7y\" name=\"item_meta[44]\" value=\"\"  data-invmsg=\"Text ist ung\u00fcltig\" aria-invalid=\"false\"   \/>\r\n    \r\n    \r\n<\/div>\n<div id=\"frm_field_45_container\" class=\"frm_form_field form-field  frm_required_field frm_top_container vertical_radio\">\r\n    <div  id=\"field_b994ke1b7de9f51_label\" class=\"frm_primary_label\">Es handelt sich um:\r\n        <span class=\"frm_required\">*<\/span>\r\n    <\/div>\r\n    <div class=\"frm_opt_container\" aria-labelledby=\"field_b994ke1b7de9f51_label\" role=\"group\">\t\t<div class=\"frm_checkbox\" id=\"frm_checkbox_45-0\">\t\t\t<label  for=\"field_b994ke1b7de9f51-0\">\n\t\t\t<input type=\"checkbox\" name=\"item_meta[45][]\" id=\"field_b994ke1b7de9f51-0\" value=\"licensing your designs\"  data-frmlimit=\"2\"  data-reqmsg=\"Please type in this space. It cannot be left blank.\" data-invmsg=\"Es handelt sich um: ist ung\u00fcltig\"   aria-required=\"true\"  \/> Lizenzierung Ihrer Designs<\/label><\/div>\n\t\t<div class=\"frm_checkbox\" id=\"frm_checkbox_45-1\">\t\t\t<label  for=\"field_b994ke1b7de9f51-1\">\n\t\t\t<input type=\"checkbox\" name=\"item_meta[45][]\" id=\"field_b994ke1b7de9f51-1\" value=\"representing your work in my store or gallery\"  data-frmlimit=\"2\"  data-reqmsg=\"Please type in this space. It cannot be left blank.\" data-invmsg=\"Es handelt sich um: ist ung\u00fcltig\"   \/> Verkauf\/Vertretung in unserem Gesch\u00e4ft\/ unserer Galerie<\/label><\/div>\n\t\t<div class=\"frm_checkbox\" id=\"frm_checkbox_45-2\">\t\t\t<label  for=\"field_b994ke1b7de9f51-2\">\n\t\t\t<input type=\"checkbox\" name=\"item_meta[45][]\" id=\"field_b994ke1b7de9f51-2\" value=\"viewing to choose designs to buy privately\"  data-frmlimit=\"2\"  data-reqmsg=\"Please type in this space. It cannot be left blank.\" data-invmsg=\"Es handelt sich um: ist ung\u00fcltig\"   \/> Privates Eink\u00e4ufen<\/label><\/div>\n\t\t<div class=\"frm_checkbox\" id=\"frm_checkbox_45-3\">\t\t\t<label  for=\"field_b994ke1b7de9f51-3\">\n\t\t\t<input type=\"checkbox\" name=\"item_meta[45][]\" id=\"field_b994ke1b7de9f51-3\" value=\"commissioning original work\"  data-frmlimit=\"2\"  data-reqmsg=\"Please type in this space. It cannot be left blank.\" data-invmsg=\"Es handelt sich um: ist ung\u00fcltig\"   \/> Anfrage zu Beauftragungen<\/label><\/div>\n\t\t<div class=\"frm_checkbox\" id=\"frm_checkbox_45-4\">\t\t\t<label  for=\"field_b994ke1b7de9f51-4\">\n\t\t\t<input type=\"checkbox\" name=\"item_meta[45][]\" id=\"field_b994ke1b7de9f51-4\" value=\"Other (please explain below)\"  data-frmlimit=\"2\"  data-reqmsg=\"Please type in this space. It cannot be left blank.\" data-invmsg=\"Es handelt sich um: ist ung\u00fcltig\"   \/> Andere<\/label><\/div>\n<\/div>\r\n    \r\n    \r\n<\/div>\n<div id=\"frm_field_46_container\" class=\"frm_form_field form-field  frm_required_field frm_top_container\">\r\n    <label for=\"field_h5g8wb6be65afcc\" id=\"field_h5g8wb6be65afcc_label\" class=\"frm_primary_label\">Bitte geben Sie hier Ihre Nachricht ein.\r\n        <span class=\"frm_required\">*<\/span>\r\n    <\/label>\r\n    <textarea name=\"item_meta[46]\" id=\"field_h5g8wb6be65afcc\" rows=\"5\"  data-reqmsg=\"Bitte schreiben Sie in dieses Feld.\" aria-required=\"true\" data-invmsg=\"Bitte geben Sie hier Ihre Nachricht ein. ist ung\u00fcltig\" aria-invalid=\"false\"  ><\/textarea>\r\n    \r\n    \r\n<\/div>\n<div id=\"frm_field_47_container\" class=\"frm_form_field form-field  frm_top_container vertical_radio\">\r\n    <div  id=\"field_olgg4_label\" class=\"frm_primary_label\">M\u00f6chten Sie auch unseren Newsletter abonnieren? Bitte aktivieren Sie dieses Kontrollk\u00e4stchen, wenn Sie unseren Newsletter abonnieren m\u00f6chten. Sie k\u00f6nnen sich jederzeit abmelden.\r\n        <span class=\"frm_required\"><\/span>\r\n    <\/div>\r\n    <div class=\"frm_opt_container\" aria-labelledby=\"field_olgg4_label\" role=\"group\">\t\t<div class=\"frm_checkbox\" id=\"frm_checkbox_47-0\">\t\t\t<label  for=\"field_olgg4-0\">\n\t\t\t<input type=\"checkbox\" name=\"item_meta[47][]\" id=\"field_olgg4-0\" value=\"Yes, please subscribe me.\"  data-invmsg=\"M\u00f6chten Sie auch unseren Newsletter abonnieren? Bitte aktivieren Sie dieses Kontrollk\u00e4stchen, wenn Sie unseren Newsletter abonnieren m\u00f6chten. Sie k\u00f6nnen sich jederzeit abmelden. ist ung\u00fcltig\"   \/> Ja, ich m\u00f6chte abonnieren.<\/label><\/div>\n<\/div>\r\n    \r\n    \r\n<\/div>\n<div id=\"frm_field_48_container\" class=\"frm_form_field form-field  frm_required_field frm_top_container vertical_radio\">\r\n    <div  id=\"field_isjbd7dc5c55383_label\" class=\"frm_primary_label\">\r\n        <span class=\"frm_required\">*<\/span>\r\n    <\/div>\r\n    <div class=\"frm_opt_container\" aria-labelledby=\"field_isjbd7dc5c55383_label\" role=\"group\">\t\t<div class=\"frm_checkbox\" id=\"frm_checkbox_48-0\">\t\t\t<label  for=\"field_isjbd7dc5c55383-0\">\n\t\t\t<input type=\"checkbox\" name=\"item_meta[48][]\" id=\"field_isjbd7dc5c55383-0\" value=\"I have read the website &lt;a href=&quot;https:\/\/amandathompson.com\/privacy-policy\/&quot; target=&quot;_blank&quot;&gt; Privacy Policy&lt;\/a&gt; and accept the &lt;a href=&quot;https:\/\/amandathompson.com\/terms-conditions\/&quot; target=&quot;_blank&quot;&gt; Terms and Conditions&lt;\/a&gt;.\"  data-reqmsg=\"Bitte schreiben Sie in dieses Feld.\" data-invmsg=\"Dieses Feld ist ung\u00fcltig\"   aria-required=\"true\"  \/> Ich habe die <a>Datenschutzbestimmungen<\/a> der Website gelesen und akzeptiere die <a>Allgemeinen Gesch\u00e4ftsbedingungen<\/a>.\r\n<\/label><\/div>\n<\/div>\r\n    \r\n    \r\n<\/div>\n\t\t<input  type=\"hidden\" name=\"item_meta[49]\" id=\"field_p9emw\" value=\"de\"  data-frmval=\"de\"   \/>\n\t\t\t<input type=\"hidden\" name=\"item_key\" value=\"\" \/>\n\t\t\t<div id=\"frm_field_72_container\">\n\t\t\t<label for=\"field_a8eer\" >\n\t\t\t\tFalls Du menschlich bist, lasse dieses Feld leer.\t\t\t<\/label>\n\t\t\t<input  id=\"field_a8eer\" type=\"text\" class=\"frm_form_field form-field frm_verify\" name=\"item_meta[72]\" value=\"\"  \/>\n\t\t<\/div>\n\t\t<input name=\"frm_state\" type=\"hidden\" value=\"mbtROFgm3eHR9GBlRdZ9w\/xdDvUdgVkv42wNhdc0Ccz0Z1+Dp8zOU3I832C6HaKP\" \/><div class=\"frm_submit\">\r\n\r\n<button class=\"frm_button_submit frm_final_submit\" type=\"submit\"   formnovalidate=\"formnovalidate\">Senden<\/button>\r\n\r\n<\/div><\/div>\n<\/fieldset>\n<\/div>\n\n<\/form>\n<\/div>\n\n<\/p><\/div>\n<\/p><\/div>\n<\/p><\/div>\n<\/p><\/div>\n<\/section>\n","protected":false},"excerpt":{"rendered":"<p>Vielen Dank f\u00fcr Ihre Interesse. Wenn Sie das Portfolio sehen m\u00f6chten, f\u00fcllen Sie bitte das Formular aus.<\/p>\n","protected":false},"author":1,"featured_media":0,"parent":0,"menu_order":0,"comment_status":"closed","ping_status":"closed","template":"template-builder.php","meta":{"footnotes":""},"class_list":["post-410","page","type-page","status-publish","hentry"],"_links":{"self":[{"href":"https:\/\/amandathompson.com\/de\/wp-json\/wp\/v2\/pages\/410","targetHints":{"allow":["GET"]}}],"collection":[{"href":"https:\/\/amandathompson.com\/de\/wp-json\/wp\/v2\/pages"}],"about":[{"href":"https:\/\/amandathompson.com\/de\/wp-json\/wp\/v2\/types\/page"}],"author":[{"embeddable":true,"href":"https:\/\/amandathompson.com\/de\/wp-json\/wp\/v2\/users\/1"}],"replies":[{"embeddable":true,"href":"https:\/\/amandathompson.com\/de\/wp-json\/wp\/v2\/comments?post=410"}],"version-history":[{"count":1,"href":"https:\/\/amandathompson.com\/de\/wp-json\/wp\/v2\/pages\/410\/revisions"}],"predecessor-version":[{"id":1714,"href":"https:\/\/amandathompson.com\/de\/wp-json\/wp\/v2\/pages\/410\/revisions\/1714"}],"wp:attachment":[{"href":"https:\/\/amandathompson.com\/de\/wp-json\/wp\/v2\/media?parent=410"}],"curies":[{"name":"wp","href":"https:\/\/api.w.org\/{rel}","templated":true}]}}