{"id":290,"date":"2019-05-27T19:56:06","date_gmt":"2019-05-27T10:56:06","guid":{"rendered":"https:\/\/amandathompson.com\/?page_id=290"},"modified":"2020-08-06T10:56:34","modified_gmt":"2020-08-06T01:56:34","slug":"biografie","status":"publish","type":"page","link":"https:\/\/amandathompson.com\/de\/biografie\/","title":{"rendered":"Biografie"},"content":{"rendered":"<section id=\"builder-section-text_11\" class=\"builder-section-first builder-section builder-section-text builder-section-last builder-text-columns-1\" style=\"background-size: cover; background-repeat: no-repeat; background-position: center center;\">\n<div class=\"builder-section-content\">\n<div class=\"builder-text-row\">\n<div id=\"builder-section-text_11-column-1\" class=\"builder-text-column builder-text-column-1\">\n<div class=\"builder-text-content\">\n<p><img loading=\"lazy\" decoding=\"async\" class=\"alignleft size-full wp-image-458 lazyload\" src=\"data:image\/gif;base64,R0lGODlhAQABAAAAACH5BAEKAAEALAAAAAABAAEAAAICTAEAOw==\" alt=\"Amanda Thompson Profile Page Picture\" width=\"277\" height=\"277\" sizes=\"auto, (max-width: 277px) 100vw, 277px\" data-src=\"https:\/\/amandathompson.com\/wp-content\/uploads\/2019\/06\/AJT_277px277px.jpg\" data-srcset=\"https:\/\/amandathompson.com\/wp-content\/uploads\/2019\/06\/AJT_277px277px.jpg 277w, https:\/\/amandathompson.com\/wp-content\/uploads\/2019\/06\/AJT_277px277px-150x150.jpg 150w\"><\/p>\n<p>Die britische Designerin Amanda Thompson kommt aus Grossbritannien und wohnt in Japan.<\/p>\n<p>Sie verwendet Computersoftware, um Zeichnungen und Fotografien in grafische Entw\u00fcrfe umzuwandeln. Computergrafikkenntnisse wurden erstmals an einer japanischen Business School erworben. Fr\u00fche Grafikarbeiten wurden im japanischen Fernsehen gezeigt und in Tokio ausgestellt.<\/p>\n<p>Nach ihrem BA-Abschluss an der Universit\u00e4t Cambridge (Modern and Medieval Languages \u200b\u200b1993) arbeitete sie im japanischen Bildungssektor: Sie unterrichtete an Universit\u00e4ten, Schulen und in der Wirtschaft und redigierte Lernmedien f\u00fcr Unternehmen wie BBC Worldwide. Bildende Kunst-Themen pr\u00e4gten zwei Dissertationen: MA in European Literature (University of Sussex 1997) und MSc in Digital Education (University of Edinburgh 2016).<\/p>\n<p>Muster, Tessellationen, Knoten und Geometrie beeinflussen die Grafik. Textildesign auf Reisen in Russland, Aserbaidschan, Georgien und Usbekistan brachte neue Ideen f\u00fcr Farbe und Design. Im sp\u00e4ten Teenageralter bot der Musikunterricht am London College of Music die M\u00f6glichkeit, bei Liberty\u2019s of London nebenan zu st\u00f6bern. Stoff- und Oberfl\u00e4chendesign aus Japan, Asien und Afrika waren sp\u00e4tere Stimulationsquellen. Bei einem fremdsprachigen Hintergrund waren immer visuell unterschiedliche Schriftsysteme von Interesse. Familienmitglieder, die mit Stricken, Kl\u00f6ppeln und Occhi (Tatting) sowie der fr\u00fchen Computertechnologie vertraut waren, brachten verschiedene Erfahrungen beim Aufbau visueller Strukturen mit.<\/p>\n<p>Aktuelle Projekte haben einen Produktionsprozess, der Gro\u00dfbritannien und Japan verbindet. Moderne Digitaldrucktechniken erm\u00f6glichen eine flexible Produktion von limitierten Auflagen zum Tragen und Anzeigen. Und neue Technologie erm\u00f6glicht Textildruck mit einer geringeren Umweltbelastung.<\/p>\n<\/div>\n<\/div>\n<\/div>\n<\/div>\n<\/section>\n","protected":false},"excerpt":{"rendered":"<p>Die britische Designerin Amanda Thompson kommt aus Grossbritannien und wohnt in Japan. Sie verwendet Computersoftware, um Zeichnungen und Fotografien in grafische Entw\u00fcrfe umzuwandeln. Computergrafikkenntnisse wurden erstmals an einer japanischen Business School erworben. Fr\u00fche Grafikarbeiten wurden im japanischen Fernsehen gezeigt und in Tokio ausgestellt. Nach ihrem BA-Abschluss an der Universit\u00e4t Cambridge (Modern and Medieval Languages \u200b\u200b1993) &hellip;<\/p>\n","protected":false},"author":1,"featured_media":0,"parent":0,"menu_order":0,"comment_status":"closed","ping_status":"closed","template":"template-builder.php","meta":{"footnotes":""},"class_list":["post-290","page","type-page","status-publish","hentry"],"_links":{"self":[{"href":"https:\/\/amandathompson.com\/de\/wp-json\/wp\/v2\/pages\/290","targetHints":{"allow":["GET"]}}],"collection":[{"href":"https:\/\/amandathompson.com\/de\/wp-json\/wp\/v2\/pages"}],"about":[{"href":"https:\/\/amandathompson.com\/de\/wp-json\/wp\/v2\/types\/page"}],"author":[{"embeddable":true,"href":"https:\/\/amandathompson.com\/de\/wp-json\/wp\/v2\/users\/1"}],"replies":[{"embeddable":true,"href":"https:\/\/amandathompson.com\/de\/wp-json\/wp\/v2\/comments?post=290"}],"version-history":[{"count":0,"href":"https:\/\/amandathompson.com\/de\/wp-json\/wp\/v2\/pages\/290\/revisions"}],"wp:attachment":[{"href":"https:\/\/amandathompson.com\/de\/wp-json\/wp\/v2\/media?parent=290"}],"curies":[{"name":"wp","href":"https:\/\/api.w.org\/{rel}","templated":true}]}}